{"id":65,"date":"2024-12-29T16:26:27","date_gmt":"2024-12-29T19:26:27","guid":{"rendered":"https:\/\/antenorefilhos.com.br\/novo\/?page_id=65"},"modified":"2025-01-08T04:51:40","modified_gmt":"2025-01-08T07:51:40","slug":"carrinho","status":"publish","type":"page","link":"https:\/\/antenorefilhos.com.br\/novo\/carrinho\/","title":{"rendered":"Carrinho"},"content":{"rendered":"\t\t<div data-elementor-type=\"wp-page\" data-elementor-id=\"65\" class=\"elementor elementor-65\" data-elementor-post-type=\"page\">\n\t\t\t\t<div class=\"elementor-element elementor-element-1a1321c e-flex e-con-boxed e-con e-parent\" data-id=\"1a1321c\" data-element_type=\"container\" data-e-type=\"container\" data-settings=\"{&quot;background_background&quot;:&quot;classic&quot;,&quot;background_motion_fx_motion_fx_scrolling&quot;:&quot;yes&quot;,&quot;background_motion_fx_translateY_effect&quot;:&quot;yes&quot;,&quot;background_motion_fx_translateY_speed&quot;:{&quot;unit&quot;:&quot;px&quot;,&quot;size&quot;:10,&quot;sizes&quot;:[]},&quot;background_motion_fx_range&quot;:&quot;page&quot;,&quot;background_motion_fx_translateY_affectedRange&quot;:{&quot;unit&quot;:&quot;%&quot;,&quot;size&quot;:&quot;&quot;,&quot;sizes&quot;:{&quot;start&quot;:0,&quot;end&quot;:100}},&quot;background_motion_fx_devices&quot;:[&quot;widescreen&quot;,&quot;desktop&quot;,&quot;laptop&quot;,&quot;tablet&quot;,&quot;mobile&quot;]}\">\n\t\t\t\t\t<div class=\"e-con-inner\">\n\t\t\t\t\t<\/div>\n\t\t\t\t<\/div>\n\t\t<div class=\"elementor-element elementor-element-59ac683 e-flex e-con-boxed e-con e-parent\" data-id=\"59ac683\" data-element_type=\"container\" data-e-type=\"container\" data-settings=\"{&quot;background_background&quot;:&quot;classic&quot;}\">\n\t\t\t\t\t<div class=\"e-con-inner\">\n\t\t<div class=\"elementor-element elementor-element-4ff7562 e-con-full e-flex e-con e-child\" data-id=\"4ff7562\" data-element_type=\"container\" data-e-type=\"container\" data-settings=\"{&quot;background_background&quot;:&quot;classic&quot;}\">\n\t\t<div class=\"elementor-element elementor-element-4c1b7ba e-con-full e-flex e-con e-child\" data-id=\"4c1b7ba\" data-element_type=\"container\" data-e-type=\"container\">\n\t\t\t\t<div class=\"elementor-element elementor-element-84bcebd elementor-widget elementor-widget-heading\" data-id=\"84bcebd\" data-element_type=\"widget\" data-e-type=\"widget\" data-widget_type=\"heading.default\">\n\t\t\t\t\t<h2 class=\"elementor-heading-title elementor-size-default\">Produtos<\/h2>\t\t\t\t<\/div>\n\t\t\t\t<div class=\"elementor-element elementor-element-28a6176 elementor-widget elementor-widget-jet-listing-grid\" data-id=\"28a6176\" data-element_type=\"widget\" data-e-type=\"widget\" data-settings=\"{&quot;columns&quot;:&quot;1&quot;}\" data-widget_type=\"jet-listing-grid.default\">\n\t\t\t\t\t<div class=\"jet-listing-grid jet-listing\"><div class=\"jet-listing-not-found jet-listing-grid__items\" data-nav=\"{&quot;enabled&quot;:true,&quot;type&quot;:&quot;scroll&quot;,&quot;more_el&quot;:null,&quot;query&quot;:{&quot;post_status&quot;:[&quot;publish&quot;],&quot;post_type&quot;:&quot;carnes_&quot;,&quot;posts_per_page&quot;:500,&quot;paged&quot;:1,&quot;ignore_sticky_posts&quot;:true,&quot;suppress_filters&quot;:false,&quot;jet_smart_filters&quot;:&quot;jet-engine\\\/default&quot;,&quot;post__in&quot;:[&quot;is-front&quot;,&quot;local-storage&quot;,&quot;carrinho&quot;],&quot;signature&quot;:&quot;5fd8ebc403b8d15950e333feab226e7150a60ff1773ee4a38c2e9a1309af252b&quot;},&quot;widget_settings&quot;:{&quot;lisitng_id&quot;:83,&quot;posts_num&quot;:500,&quot;columns&quot;:1,&quot;columns_tablet&quot;:1,&quot;columns_mobile&quot;:1,&quot;column_min_width&quot;:240,&quot;column_min_width_tablet&quot;:240,&quot;column_min_width_mobile&quot;:240,&quot;inline_columns_css&quot;:false,&quot;is_archive_template&quot;:&quot;&quot;,&quot;post_status&quot;:[&quot;publish&quot;],&quot;use_random_posts_num&quot;:&quot;&quot;,&quot;max_posts_num&quot;:9,&quot;not_found_message&quot;:&quot;In\\u00edcio do Pedido&quot;,&quot;is_masonry&quot;:false,&quot;equal_columns_height&quot;:&quot;&quot;,&quot;use_load_more&quot;:&quot;yes&quot;,&quot;load_more_id&quot;:&quot;&quot;,&quot;load_more_type&quot;:&quot;scroll&quot;,&quot;load_more_offset&quot;:{&quot;unit&quot;:&quot;px&quot;,&quot;size&quot;:0,&quot;sizes&quot;:[]},&quot;use_custom_post_types&quot;:&quot;&quot;,&quot;custom_post_types&quot;:[],&quot;hide_widget_if&quot;:&quot;&quot;,&quot;carousel_enabled&quot;:&quot;&quot;,&quot;slides_to_scroll&quot;:&quot;1&quot;,&quot;arrows&quot;:&quot;true&quot;,&quot;arrow_icon&quot;:&quot;fa fa-angle-left&quot;,&quot;dots&quot;:&quot;&quot;,&quot;autoplay&quot;:&quot;true&quot;,&quot;pause_on_hover&quot;:&quot;true&quot;,&quot;autoplay_speed&quot;:5000,&quot;infinite&quot;:&quot;true&quot;,&quot;center_mode&quot;:&quot;&quot;,&quot;effect&quot;:&quot;slide&quot;,&quot;speed&quot;:500,&quot;inject_alternative_items&quot;:&quot;&quot;,&quot;injection_items&quot;:[],&quot;scroll_slider_enabled&quot;:&quot;&quot;,&quot;scroll_slider_on&quot;:[&quot;desktop&quot;,&quot;tablet&quot;,&quot;mobile&quot;],&quot;custom_query&quot;:false,&quot;custom_query_id&quot;:&quot;&quot;,&quot;_element_id&quot;:&quot;&quot;,&quot;collapse_first_last_gap&quot;:false,&quot;list_tag_selection&quot;:&quot;&quot;,&quot;list_items_wrapper_tag&quot;:&quot;div&quot;,&quot;list_item_tag&quot;:&quot;div&quot;,&quot;empty_items_wrapper_tag&quot;:&quot;div&quot;}}\" data-listing-source=\"posts\" data-listing-id=\"83\" data-query-id=\"\" data-queried-id=\"65|WP_Post\">In\u00edcio do Pedido<\/div><\/div>\t\t\t\t<\/div>\n\t\t\t\t<div class=\"elementor-element elementor-element-a69876f elementor-widget elementor-widget-jet-listing-grid\" data-id=\"a69876f\" data-element_type=\"widget\" data-e-type=\"widget\" data-settings=\"{&quot;columns&quot;:&quot;1&quot;}\" data-widget_type=\"jet-listing-grid.default\">\n\t\t\t\t\t<div class=\"jet-listing-grid jet-listing\"><div class=\"jet-listing-not-found jet-listing-grid__items\" data-nav=\"{&quot;enabled&quot;:true,&quot;type&quot;:&quot;scroll&quot;,&quot;more_el&quot;:null,&quot;query&quot;:{&quot;post_status&quot;:[&quot;publish&quot;],&quot;post_type&quot;:&quot;adega&quot;,&quot;posts_per_page&quot;:500,&quot;paged&quot;:1,&quot;ignore_sticky_posts&quot;:true,&quot;suppress_filters&quot;:false,&quot;jet_smart_filters&quot;:&quot;jet-engine\\\/default&quot;,&quot;post__in&quot;:[&quot;is-front&quot;,&quot;local-storage&quot;,&quot;carrinho&quot;],&quot;signature&quot;:&quot;0aecbfd6dc5916951515bdc2c3df50fec84d2be8cf81d4cefd2c35f762dfb62e&quot;},&quot;widget_settings&quot;:{&quot;lisitng_id&quot;:1328,&quot;posts_num&quot;:500,&quot;columns&quot;:1,&quot;columns_tablet&quot;:1,&quot;columns_mobile&quot;:1,&quot;column_min_width&quot;:240,&quot;column_min_width_tablet&quot;:240,&quot;column_min_width_mobile&quot;:240,&quot;inline_columns_css&quot;:false,&quot;is_archive_template&quot;:&quot;&quot;,&quot;post_status&quot;:[&quot;publish&quot;],&quot;use_random_posts_num&quot;:&quot;&quot;,&quot;max_posts_num&quot;:9,&quot;not_found_message&quot;:&quot;Fim do Pedido&quot;,&quot;is_masonry&quot;:false,&quot;equal_columns_height&quot;:&quot;&quot;,&quot;use_load_more&quot;:&quot;yes&quot;,&quot;load_more_id&quot;:&quot;&quot;,&quot;load_more_type&quot;:&quot;scroll&quot;,&quot;load_more_offset&quot;:{&quot;unit&quot;:&quot;px&quot;,&quot;size&quot;:0,&quot;sizes&quot;:[]},&quot;use_custom_post_types&quot;:&quot;&quot;,&quot;custom_post_types&quot;:[],&quot;hide_widget_if&quot;:&quot;&quot;,&quot;carousel_enabled&quot;:&quot;&quot;,&quot;slides_to_scroll&quot;:&quot;1&quot;,&quot;arrows&quot;:&quot;true&quot;,&quot;arrow_icon&quot;:&quot;fa fa-angle-left&quot;,&quot;dots&quot;:&quot;&quot;,&quot;autoplay&quot;:&quot;true&quot;,&quot;pause_on_hover&quot;:&quot;true&quot;,&quot;autoplay_speed&quot;:5000,&quot;infinite&quot;:&quot;true&quot;,&quot;center_mode&quot;:&quot;&quot;,&quot;effect&quot;:&quot;slide&quot;,&quot;speed&quot;:500,&quot;inject_alternative_items&quot;:&quot;&quot;,&quot;injection_items&quot;:[],&quot;scroll_slider_enabled&quot;:&quot;&quot;,&quot;scroll_slider_on&quot;:[&quot;desktop&quot;,&quot;tablet&quot;,&quot;mobile&quot;],&quot;custom_query&quot;:false,&quot;custom_query_id&quot;:&quot;&quot;,&quot;_element_id&quot;:&quot;&quot;,&quot;collapse_first_last_gap&quot;:false,&quot;list_tag_selection&quot;:&quot;&quot;,&quot;list_items_wrapper_tag&quot;:&quot;div&quot;,&quot;list_item_tag&quot;:&quot;div&quot;,&quot;empty_items_wrapper_tag&quot;:&quot;div&quot;}}\" data-listing-source=\"posts\" data-listing-id=\"1328\" data-query-id=\"\" data-queried-id=\"65|WP_Post\">Fim do Pedido<\/div><\/div>\t\t\t\t<\/div>\n\t\t\t\t<\/div>\n\t\t\t\t<\/div>\n\t\t<div class=\"elementor-element elementor-element-f7da71c e-con-full e-flex e-con e-child\" data-id=\"f7da71c\" data-element_type=\"container\" data-e-type=\"container\" data-settings=\"{&quot;background_background&quot;:&quot;classic&quot;,&quot;sticky&quot;:&quot;top&quot;,&quot;sticky_parent&quot;:&quot;yes&quot;,&quot;sticky_on&quot;:[&quot;widescreen&quot;,&quot;desktop&quot;,&quot;laptop&quot;,&quot;tablet&quot;,&quot;mobile&quot;],&quot;sticky_offset&quot;:0,&quot;sticky_effects_offset&quot;:0,&quot;sticky_anchor_link_offset&quot;:0}\">\n\t\t<div class=\"elementor-element elementor-element-7b2969f e-con-full e-flex e-con e-child\" data-id=\"7b2969f\" data-element_type=\"container\" data-e-type=\"container\">\n\t\t\t\t<div class=\"elementor-element elementor-element-3691c98 elementor-widget elementor-widget-heading\" data-id=\"3691c98\" data-element_type=\"widget\" data-e-type=\"widget\" data-widget_type=\"heading.default\">\n\t\t\t\t\t<h2 class=\"elementor-heading-title elementor-size-default\">finalizar or\u00e7amento<\/h2>\t\t\t\t<\/div>\n\t\t\t\t<div class=\"elementor-element elementor-element-d9976f9 elementor-widget elementor-widget-jet-engine-booking-form\" data-id=\"d9976f9\" data-element_type=\"widget\" data-e-type=\"widget\" data-widget_type=\"jet-engine-booking-form.default\">\n\t\t\t\t<div class=\"elementor-widget-container\">\n\t\t\t\t\t<form  class=\"jet-form layout-column submit-type-ajax\" action=\"\/novo\/wp-json\/wp\/v2\/pages\/65?jet_engine_action=book&#038;nocache=1776657260\" method=\"POST\" data-form-id=\"374\"><input class=\"jet-form__field hidden-field\" type=\"hidden\" name=\"_jet_engine_booking_form_id\" value=\"374\" data-field-name=\"_jet_engine_booking_form_id\"><input class=\"jet-form__field hidden-field\" type=\"hidden\" name=\"_jet_engine_refer\" value=\"https:\/\/antenorefilhos.com.br\/novo\/wp-json\/wp\/v2\/pages\/65\" data-field-name=\"_jet_engine_refer\"><div  class=\"jet-form-row jet-form-row--first-visible\"><div class=\"jet-form-col jet-form-col-12  field-type-text  jet-form-field-container\" data-field=\"sn_nome\" data-conditional=\"false\"><div class=\"jet-form__label\">\n\t<span class=\"jet-form__label-text\" >Nome<span class=\"jet-form__required\">*<\/span><\/span>\n\t<\/div><input class=\"jet-form__field text-field \" value=\"\" required=\"required\" name=\"sn_nome\" id=\"sn_nome\" type=\"text\" data-field-name=\"sn_nome\"><\/div><\/div><div  class=\"jet-form-row\"><div class=\"jet-form-col jet-form-col-12  field-type-text  jet-form-field-container\" data-field=\"sn_email\" data-conditional=\"false\"><div class=\"jet-form__label\">\n\t<span class=\"jet-form__label-text\" >Email<\/span>\n\t<\/div><input class=\"jet-form__field text-field \" value=\"\" name=\"sn_email\" id=\"sn_email\" type=\"text\" data-field-name=\"sn_email\"><\/div><\/div><div  class=\"jet-form-row\"><div class=\"jet-form-col jet-form-col-12  field-type-text  jet-form-field-container\" data-field=\"sn_whatsapp\" data-conditional=\"false\"><div class=\"jet-form__label\">\n\t<span class=\"jet-form__label-text\" >WhatsApp<span class=\"jet-form__required\">*<\/span><\/span>\n\t<\/div><input class=\"jet-form__field text-field jet-form__masked-field\" placeholder=\"(99)99999-9999\" value=\"\" required=\"required\" name=\"sn_whatsapp\" id=\"sn_whatsapp\" type=\"text\" data-field-name=\"sn_whatsapp\" data-inputmask=\"'mask': '(99)99999-9999'\" data-inputmask-placeholder=\"_\" data-inputmask-showmaskonhover=\"true\" data-inputmask-showmaskonfocus=\"true\"><\/div><\/div><div  class=\"jet-form-row\"><div class=\"jet-form-col jet-form-col-12  field-type-text  jet-form-field-container\" data-field=\"sn_endereco\" data-conditional=\"false\"><div class=\"jet-form__label\">\n\t<span class=\"jet-form__label-text\" >Endere\u00e7o<\/span>\n\t<\/div><input class=\"jet-form__field text-field \" value=\"\" name=\"sn_endereco\" id=\"sn_endereco\" type=\"text\" data-field-name=\"sn_endereco\"><\/div><\/div><div  class=\"jet-form-row jet-form-row--hidden\"><\/div><div  class=\"jet-form-row\"><div class=\"jet-form-col jet-form-col-12  field-type-textarea  jet-form-field-container\" data-field=\"sn_observacoes\" data-conditional=\"false\"><div class=\"jet-form__label\">\n\t<span class=\"jet-form__label-text\" >Observa\u00e7\u00f5es do pedido<\/span>\n\t<\/div><textarea class=\"jet-form__field textarea-field\" name=\"sn_observacoes\" data-field-name=\"sn_observacoes\" id=\"sn_observacoes\"><\/textarea><\/div><\/div><div  class=\"jet-form-row jet-form-row--submit\"><div class=\"jet-form-col jet-form-col-12  field-type-submit  jet-form-field-container\" data-field=\"Submit\" data-conditional=\"false\"><div class=\"jet-form__submit-wrap\">\n\t\t<button class=\"jet-form__submit submit-type-ajax\" type=\"button\">Enviar Or\u00e7amento<\/button>\n<\/div><\/div><\/div><input class=\"jet-form__field hidden-field\" type=\"hidden\" name=\"_jet_engine_nonce\" value=\"a2ef75f470\" data-field-name=\"_jet_engine_nonce\"><\/form><div class=\"jet-form-messages-wrap\" data-form-id=\"374\"><\/div>\t\t\t\t<\/div>\n\t\t\t\t<\/div>\n\t\t\t\t<div class=\"elementor-element elementor-element-9332a1b elementor-widget elementor-widget-html\" data-id=\"9332a1b\" data-element_type=\"widget\" data-e-type=\"widget\" data-widget_type=\"html.default\">\n\t\t\t\t\t<div id=\"counter\"><\/div>\r\n<script>\r\njQuery(document).ready(function() {\r\n    jQuery('#sn_carrinho').hide(); \/\/ Esconde o input carrinho\r\n    \r\n    jQuery('.jet-form__submit.submit-type-ajax').click(function(event) {\r\n        event.preventDefault(); \/\/ Impede o envio imediato do formul\u00e1rio\r\n    \r\n        console.log(\"Clique detectado no bot\u00e3o de envio.\");\r\n        \r\n        \/\/ Vari\u00e1veis dos campos do form\r\n        var produtos = new Array(1);\t \r\n        var sku_class = '.sn_sku';\r\n        var titulo_class = '.sn_titulo';\t\r\n        var quantidade_class = '.sn_qtd';\r\n        var imagem_class = '.sn_imagem';\t\r\n        var valor_class = '.sn_valor';\t\r\n        var carrinho_id = '#sn_carrinho';\r\n        var nomeCliente = jQuery('#sn_nome').val();\r\n        var emailCliente = jQuery('#sn_email').val();\r\n        var whatsCliente = jQuery('#sn_whatsapp').val();\r\n        var enderecoCliente = jQuery('#sn_endereco').val();\r\n        var observacoesCliente = jQuery('#sn_observacoes').val();\r\n        var mensagemWhatsApp ='*ESSES S\u00c3O OS PRODUTOS DA MINHA LISTA:*\\n\\n'; \/\/Inicio da mensagem do whatsapp\r\n        var erro = false; \/\/ Vari\u00e1vel para verificar erros\r\n    \r\n        \/\/ Limpeza do carrinho\r\n        jQuery(carrinho_id).html('');\r\n        \r\n        \/\/ Processa cada item na lista\r\n        jQuery('.jet-listing-grid__items .jet-listing-grid__item').each(function(i) {\r\n            \r\n            var id_post = jQuery(this).data('post-id');\r\n            var sku = jQuery('.jet-listing-dynamic-post-' + id_post + ' ' + sku_class).text().trim();\r\n            var titulo = jQuery('.jet-listing-dynamic-post-' + id_post + ' ' + titulo_class).text().trim();\r\n            var valor = jQuery('.jet-listing-dynamic-post-' + id_post + ' ' + valor_class).text().trim();\r\n            var qtd = jQuery('.jet-listing-dynamic-post-' + id_post + ' ' + quantidade_class).val();\r\n            var imagem = jQuery('.jet-listing-dynamic-post-' + id_post + ' ' + imagem_class + ' img').prop('src');\r\n            var permalink = jQuery('.jet-listing-dynamic-post-' + id_post + ' ' + imagem_class + ' a').prop('href');\r\n    \r\n            \/\/ Valida\u00e7\u00e3o de quantidade\r\n            if (!qtd || qtd === '0') {\r\n                alert('A quantidade deve ser maior que zero.');\r\n                erro = true; \/\/ Define erro\r\n                return false; \/\/ Interrompe o processamento\r\n            }\r\n    \r\n            \/\/ Template para o carrinho\r\n            produtos[i] = `<div class=\"prod-item\" style=\"width:300px;\">\r\n                            <div style=\"margin:10px;border-radius:30px;text-align:center;padding:20px 0 0 0;border: 3px solid #F51344;\">\r\n                                <div>\r\n                                    <img src=${imagem} style=\"width:150px;\"\/>\r\n                                <\/div>\r\n                                <div>\r\n                                    <a href=${permalink} style=\"text-decoration:none;color:#fff;background-color:#F51344;padding:10px 30px;border-radius:10px;display:inline-block;margin:10px 0;\">Link do Produto<\/a>\r\n                                <\/div>\r\n                                <div style=\"margin-top:25px;\">\r\n                                    <p>${sku}<\/p>\r\n                                <\/div>\r\n                                <div>\r\n                                    <p><strong>Produto:<\/strong> ${titulo}<\/p>\r\n                                <\/div>\r\n                                <div>\r\n                                    <p><strong>Quantidade:<\/strong> ${qtd}<\/p>\r\n                                <\/div>\r\n                                <div>\r\n                                    <p style=\"font-size:25px;\"><strong>Valor:<\/strong> ${valor}<\/p>\r\n                                <\/div>\r\n                            <\/div>`;\r\n            \r\n            \/\/ Adiciona o produto \u00e0 mensagem do WhatsApp como texto simples\r\n            mensagemWhatsApp +=`*Produto:* \ud83d\uded2 ${titulo}\\n${sku}\\n*Quantidade:* ${qtd}\\n*Link:* \ud83d\udd17 ${permalink}\\n\u2501\u2501\u2501\u2501\u2501\u2501\u2501\u2501\u2501\u2501\u2501\u2501\u2501\u2501\u2501\u2501\u2501\u2501\u2501\u2501\\n`;\r\n        });\r\n        \r\n            mensagemWhatsApp +=`*OBSERVA\u00c7OES*\ud83d\udccb\\n${observacoesCliente}\\n\\n`;\r\n            \r\n            mensagemWhatsApp += `*MEUS DADOS*\ud83d\udccb\\nNome: ${nomeCliente}\\nEmail: ${emailCliente}\\nWhatsApp: ${whatsCliente}\\nEndere\u00e7o: ${enderecoCliente}`;\r\n            \r\n    \r\n        if (!erro) { \/\/ S\u00f3 prossegue se n\u00e3o houver erro\r\n            console.log(\"Nenhum erro detectado. Prosseguindo com o preenchimento do carrinho.\");\r\n            jQuery(carrinho_id).html(produtos.join('').replace(\/(\\r\\n|\\n|\\r)\/gm,\" \"));\r\n    \r\n            \/\/ Limpeza do localStorage onde ficam armazenados os produtos\r\n            localStorage.clear();\r\n    \r\n            \/\/ Envio para WhatsApp\r\n            var numeroWhatsApp = '5524988650462'; \/\/ Coloque o n\u00famero do WhatsApp com DDD\r\n            var urlWhatsApp = `https:\/\/api.whatsapp.com\/send?phone=${numeroWhatsApp}&text=${encodeURIComponent(mensagemWhatsApp)}`;\r\n            \r\n            console.log(\"Abrindo WhatsApp com a mensagem gerada.\");\r\n            \r\n            \/\/ Abre o WhatsApp em uma nova aba\r\n            window.open(urlWhatsApp, '_blank');\r\n        } else {\r\n            console.log(\"Erro detectado. O WhatsApp n\u00e3o ser\u00e1 aberto.\");\r\n        }\r\n    });\r\n});\r\n\r\n<\/script>\t\t\t\t<\/div>\n\t\t\t\t<\/div>\n\t\t\t\t<\/div>\n\t\t\t\t\t<\/div>\n\t\t\t\t<\/div>\n\t\t\t\t<\/div>\n\t\t","protected":false},"excerpt":{"rendered":"<p>Produtos In\u00edcio do Pedido Fim do Pedido finalizar or\u00e7amento Nome* Email WhatsApp* Endere\u00e7o Observa\u00e7\u00f5es Observa\u00e7\u00f5es do pedido Enviar Or\u00e7amento<\/p>\n","protected":false},"author":1,"featured_media":0,"parent":0,"menu_order":0,"comment_status":"closed","ping_status":"closed","template":"elementor_header_footer","meta":{"footnotes":""},"class_list":["post-65","page","type-page","status-publish","hentry"],"_links":{"self":[{"href":"https:\/\/antenorefilhos.com.br\/novo\/wp-json\/wp\/v2\/pages\/65","targetHints":{"allow":["GET"]}}],"collection":[{"href":"https:\/\/antenorefilhos.com.br\/novo\/wp-json\/wp\/v2\/pages"}],"about":[{"href":"https:\/\/antenorefilhos.com.br\/novo\/wp-json\/wp\/v2\/types\/page"}],"author":[{"embeddable":true,"href":"https:\/\/antenorefilhos.com.br\/novo\/wp-json\/wp\/v2\/users\/1"}],"replies":[{"embeddable":true,"href":"https:\/\/antenorefilhos.com.br\/novo\/wp-json\/wp\/v2\/comments?post=65"}],"version-history":[{"count":163,"href":"https:\/\/antenorefilhos.com.br\/novo\/wp-json\/wp\/v2\/pages\/65\/revisions"}],"predecessor-version":[{"id":1354,"href":"https:\/\/antenorefilhos.com.br\/novo\/wp-json\/wp\/v2\/pages\/65\/revisions\/1354"}],"wp:attachment":[{"href":"https:\/\/antenorefilhos.com.br\/novo\/wp-json\/wp\/v2\/media?parent=65"}],"curies":[{"name":"wp","href":"https:\/\/api.w.org\/{rel}","templated":true}]}}